{"id":79,"date":"2011-01-04T19:37:16","date_gmt":"2011-01-04T19:37:16","guid":{"rendered":"http:\/\/www.andreasbormann.de\/ab\/?page_id=79"},"modified":"2023-05-10T09:16:08","modified_gmt":"2023-05-10T09:16:08","slug":"reise-buch","status":"publish","type":"page","link":"https:\/\/andreasbormann.de\/?page_id=79","title":{"rendered":"Reise + Buch"},"content":{"rendered":"<p><strong><a href=\"https:\/\/andreasbormann.de\/wp2023\/wp-content\/uploads\/2011\/01\/images7.jpeg\"><img loading=\"lazy\" decoding=\"async\" class=\"alignleft wp-image-280 size-full\" title=\"images\" src=\"https:\/\/andreasbormann.de\/wp-content\/uploads\/2011\/01\/images7.jpeg\" alt=\"\" width=\"48\" height=\"80\" \/><\/a>Kopenhagen<\/strong> ist nicht Mega, lockt nicht mit Gr\u00f6\u00dfe. Im Gegenteil: Kopenhagen ist die Kleine unter den Gro\u00dfen. Und genau deshalb ist sie <strong>meine Stadt.<\/strong><\/p>\n<p>Ich bin sicher, auch Sie werden sich zwischen M\u00e4rchenwelt und Moderne sofort geborgen f\u00fchlen. Dazu m\u00fcssen Sie nicht meinen Spuren folgen &#8211; wobei ich nichts dagegen h\u00e4tte. Gute Reise!<\/p>\n<p>P.S.: Mein Tipp: Mieten Sie sich ein Fahrrad!<\/p>\n","protected":false},"excerpt":{"rendered":"<p>Kopenhagen ist nicht Mega, lockt nicht mit Gr\u00f6\u00dfe. Im Gegenteil: Kopenhagen ist die Kleine unter den Gro\u00dfen. Und genau deshalb ist sie meine Stadt. Ich bin sicher, auch Sie werden sich zwischen M\u00e4rchenwelt und Moderne sofort geborgen f\u00fchlen. Dazu m\u00fcssen &hellip; <a href=\"https:\/\/andreasbormann.de\/?page_id=79\">Weiterlesen <span class=\"meta-nav\">&rarr;<\/span><\/a><\/p>\n","protected":false},"author":1,"featured_media":279,"parent":0,"menu_order":4,"comment_status":"closed","ping_status":"closed","template":"","meta":{"footnotes":""},"class_list":["post-79","page","type-page","status-publish","has-post-thumbnail","hentry"],"_links":{"self":[{"href":"https:\/\/andreasbormann.de\/index.php?rest_route=\/wp\/v2\/pages\/79","targetHints":{"allow":["GET"]}}],"collection":[{"href":"https:\/\/andreasbormann.de\/index.php?rest_route=\/wp\/v2\/pages"}],"about":[{"href":"https:\/\/andreasbormann.de\/index.php?rest_route=\/wp\/v2\/types\/page"}],"author":[{"embeddable":true,"href":"https:\/\/andreasbormann.de\/index.php?rest_route=\/wp\/v2\/users\/1"}],"replies":[{"embeddable":true,"href":"https:\/\/andreasbormann.de\/index.php?rest_route=%2Fwp%2Fv2%2Fcomments&post=79"}],"version-history":[{"count":1,"href":"https:\/\/andreasbormann.de\/index.php?rest_route=\/wp\/v2\/pages\/79\/revisions"}],"predecessor-version":[{"id":541,"href":"https:\/\/andreasbormann.de\/index.php?rest_route=\/wp\/v2\/pages\/79\/revisions\/541"}],"wp:featuredmedia":[{"embeddable":true,"href":"https:\/\/andreasbormann.de\/index.php?rest_route=\/wp\/v2\/media\/279"}],"wp:attachment":[{"href":"https:\/\/andreasbormann.de\/index.php?rest_route=%2Fwp%2Fv2%2Fmedia&parent=79"}],"curies":[{"name":"wp","href":"https:\/\/api.w.org\/{rel}","templated":true}]}}