{"id":500,"date":"2015-07-26T12:27:49","date_gmt":"2015-07-26T12:27:49","guid":{"rendered":"http:\/\/www.andreasbormann.de\/ab\/?page_id=500"},"modified":"2023-05-10T09:14:41","modified_gmt":"2023-05-10T09:14:41","slug":"tone-horen","status":"publish","type":"page","link":"https:\/\/andreasbormann.de\/?page_id=500","title":{"rendered":"T\u00f6ne + H\u00f6ren"},"content":{"rendered":"<p>Auschnitte aus dem Gespr\u00e4ch mit Gesine Schwan<\/p>\n<p><a href=\"https:\/\/andreasbormann.de\/wp-content\/uploads\/2015\/07\/Gesine-Schwan-Ende.mp3\">Gesine Schwan H\u00e4tteschmerz<\/a><\/p>\n<p><a href=\"https:\/\/andreasbormann.de\/wp-content\/uploads\/2015\/07\/Gesine-Schwan-Gott.logic_.mp3\"> Gesine Schwan Krebstod des Mannes<\/a><\/p>\n","protected":false},"excerpt":{"rendered":"<p>Auschnitte aus dem Gespr\u00e4ch mit Gesine Schwan Gesine Schwan H\u00e4tteschmerz Gesine Schwan Krebstod des Mannes<\/p>\n","protected":false},"author":1,"featured_media":0,"parent":0,"menu_order":0,"comment_status":"closed","ping_status":"closed","template":"","meta":{"footnotes":""},"class_list":["post-500","page","type-page","status-publish","hentry"],"_links":{"self":[{"href":"https:\/\/andreasbormann.de\/index.php?rest_route=\/wp\/v2\/pages\/500","targetHints":{"allow":["GET"]}}],"collection":[{"href":"https:\/\/andreasbormann.de\/index.php?rest_route=\/wp\/v2\/pages"}],"about":[{"href":"https:\/\/andreasbormann.de\/index.php?rest_route=\/wp\/v2\/types\/page"}],"author":[{"embeddable":true,"href":"https:\/\/andreasbormann.de\/index.php?rest_route=\/wp\/v2\/users\/1"}],"replies":[{"embeddable":true,"href":"https:\/\/andreasbormann.de\/index.php?rest_route=%2Fwp%2Fv2%2Fcomments&post=500"}],"version-history":[{"count":1,"href":"https:\/\/andreasbormann.de\/index.php?rest_route=\/wp\/v2\/pages\/500\/revisions"}],"predecessor-version":[{"id":539,"href":"https:\/\/andreasbormann.de\/index.php?rest_route=\/wp\/v2\/pages\/500\/revisions\/539"}],"wp:attachment":[{"href":"https:\/\/andreasbormann.de\/index.php?rest_route=%2Fwp%2Fv2%2Fmedia&parent=500"}],"curies":[{"name":"wp","href":"https:\/\/api.w.org\/{rel}","templated":true}]}}