{"id":45,"date":"2011-01-04T17:44:22","date_gmt":"2011-01-04T17:44:22","guid":{"rendered":"http:\/\/www.andreasbormann.de\/ab\/?page_id=45"},"modified":"2023-05-10T09:15:50","modified_gmt":"2023-05-10T09:15:50","slug":"im-horsaal","status":"publish","type":"page","link":"https:\/\/andreasbormann.de\/?page_id=45","title":{"rendered":"Seminar + Training"},"content":{"rendered":"<p><strong>Interviewseminare<\/strong> f\u00fcr Journalisten. Sie entwickeln gute Fragen und eine kluge Strategie <a href=\"https:\/\/andreasbormann.de\/wp2023\/wp-content\/uploads\/2011\/01\/images1.jpg\"><img loading=\"lazy\" decoding=\"async\" class=\"alignleft wp-image-350 size-full\" title=\"images\" src=\"https:\/\/andreasbormann.de\/wp-content\/uploads\/2011\/01\/images1.jpg\" alt=\"\" width=\"200\" height=\"50\" \/><\/a>f\u00fcr Ihr Interview.<\/p>\n<p><strong>Medientraining<\/strong> f\u00fcr F\u00fchrungskr\u00e4fte. Sie stehen Rede und Antwort vor Mikrofon und Kamera.<a href=\"https:\/\/andreasbormann.de\/wp2023\/wp-content\/uploads\/2011\/01\/images-2.jpg\"><img loading=\"lazy\" decoding=\"async\" class=\"alignright wp-image-221 size-full\" title=\"images-2\" src=\"https:\/\/andreasbormann.de\/wp-content\/uploads\/2011\/01\/images-2.jpg\" alt=\"\" width=\"104\" height=\"104\" \/><\/a><a href=\"https:\/\/andreasbormann.de\/wp2023\/wp-content\/uploads\/2011\/01\/images3.jpg\"><img loading=\"lazy\" decoding=\"async\" class=\"alignleft wp-image-526 size-full\" title=\"images\" src=\"https:\/\/andreasbormann.de\/wp-content\/uploads\/2011\/01\/images3.jpg\" alt=\"\" width=\"80\" height=\"80\" \/><\/a><\/p>\n","protected":false},"excerpt":{"rendered":"<p>Interviewseminare f\u00fcr Journalisten. Sie entwickeln gute Fragen und eine kluge Strategie f\u00fcr Ihr Interview. Medientraining f\u00fcr F\u00fchrungskr\u00e4fte. Sie stehen Rede und Antwort vor Mikrofon und Kamera.<\/p>\n","protected":false},"author":1,"featured_media":525,"parent":0,"menu_order":3,"comment_status":"closed","ping_status":"closed","template":"","meta":{"footnotes":""},"class_list":["post-45","page","type-page","status-publish","has-post-thumbnail","hentry"],"_links":{"self":[{"href":"https:\/\/andreasbormann.de\/index.php?rest_route=\/wp\/v2\/pages\/45","targetHints":{"allow":["GET"]}}],"collection":[{"href":"https:\/\/andreasbormann.de\/index.php?rest_route=\/wp\/v2\/pages"}],"about":[{"href":"https:\/\/andreasbormann.de\/index.php?rest_route=\/wp\/v2\/types\/page"}],"author":[{"embeddable":true,"href":"https:\/\/andreasbormann.de\/index.php?rest_route=\/wp\/v2\/users\/1"}],"replies":[{"embeddable":true,"href":"https:\/\/andreasbormann.de\/index.php?rest_route=%2Fwp%2Fv2%2Fcomments&post=45"}],"version-history":[{"count":1,"href":"https:\/\/andreasbormann.de\/index.php?rest_route=\/wp\/v2\/pages\/45\/revisions"}],"predecessor-version":[{"id":540,"href":"https:\/\/andreasbormann.de\/index.php?rest_route=\/wp\/v2\/pages\/45\/revisions\/540"}],"wp:featuredmedia":[{"embeddable":true,"href":"https:\/\/andreasbormann.de\/index.php?rest_route=\/wp\/v2\/media\/525"}],"wp:attachment":[{"href":"https:\/\/andreasbormann.de\/index.php?rest_route=%2Fwp%2Fv2%2Fmedia&parent=45"}],"curies":[{"name":"wp","href":"https:\/\/api.w.org\/{rel}","templated":true}]}}