{"id":42,"date":"2011-01-04T17:43:31","date_gmt":"2011-01-04T17:43:31","guid":{"rendered":"http:\/\/www.andreasbormann.de\/ab\/?page_id=42"},"modified":"2023-05-10T09:10:12","modified_gmt":"2023-05-10T09:10:12","slug":"auf-der-buhne","status":"publish","type":"page","link":"https:\/\/andreasbormann.de\/?page_id=42","title":{"rendered":"B\u00fchne + Podium"},"content":{"rendered":"<p><img loading=\"lazy\" decoding=\"async\" class=\"wp-image-250 size-full alignleft\" title=\"Bormann_816e734032\" src=\"https:\/\/andreasbormann.de\/wp-content\/uploads\/2011\/01\/Bormann_816e734032.jpg\" alt=\"\" width=\"167\" height=\"112\" \/>Ob <strong>Podiumsdiskussionen<\/strong> oder <strong>Gespr\u00e4che<\/strong> auf der B\u00fchne, ob gesellschaftspolitische Themen oder pers\u00f6nliche Geschichten; ich bin es gern: Nennen wir es <strong>Dompteur<\/strong> einer Diskussionsrunde oder <strong>Geschichtensucher<\/strong> im Gespr\u00e4ch. Zu lesen unter <strong>&#8222;Gesagt+Getan&#8220;<\/strong>, zu h\u00f6ren unter <strong>&#8222;Talk &amp; Rede&#8220;<\/strong><\/p>\n","protected":false},"excerpt":{"rendered":"<p>Ob Podiumsdiskussionen oder Gespr\u00e4che auf der B\u00fchne, ob gesellschaftspolitische Themen oder pers\u00f6nliche Geschichten; ich bin es gern: Nennen wir es Dompteur einer Diskussionsrunde oder Geschichtensucher im Gespr\u00e4ch. Zu lesen unter &#8222;Gesagt+Getan&#8220;, zu h\u00f6ren unter &#8222;Talk &amp; Rede&#8220;<\/p>\n","protected":false},"author":1,"featured_media":250,"parent":0,"menu_order":0,"comment_status":"closed","ping_status":"closed","template":"","meta":{"footnotes":""},"class_list":["post-42","page","type-page","status-publish","has-post-thumbnail","hentry"],"_links":{"self":[{"href":"https:\/\/andreasbormann.de\/index.php?rest_route=\/wp\/v2\/pages\/42","targetHints":{"allow":["GET"]}}],"collection":[{"href":"https:\/\/andreasbormann.de\/index.php?rest_route=\/wp\/v2\/pages"}],"about":[{"href":"https:\/\/andreasbormann.de\/index.php?rest_route=\/wp\/v2\/types\/page"}],"author":[{"embeddable":true,"href":"https:\/\/andreasbormann.de\/index.php?rest_route=\/wp\/v2\/users\/1"}],"replies":[{"embeddable":true,"href":"https:\/\/andreasbormann.de\/index.php?rest_route=%2Fwp%2Fv2%2Fcomments&post=42"}],"version-history":[{"count":4,"href":"https:\/\/andreasbormann.de\/index.php?rest_route=\/wp\/v2\/pages\/42\/revisions"}],"predecessor-version":[{"id":534,"href":"https:\/\/andreasbormann.de\/index.php?rest_route=\/wp\/v2\/pages\/42\/revisions\/534"}],"wp:featuredmedia":[{"embeddable":true,"href":"https:\/\/andreasbormann.de\/index.php?rest_route=\/wp\/v2\/media\/250"}],"wp:attachment":[{"href":"https:\/\/andreasbormann.de\/index.php?rest_route=%2Fwp%2Fv2%2Fmedia&parent=42"}],"curies":[{"name":"wp","href":"https:\/\/api.w.org\/{rel}","templated":true}]}}